{"id":925,"date":"2020-01-10T12:50:24","date_gmt":"2020-01-10T11:50:24","guid":{"rendered":"https:\/\/valis-lopar.com\/ferienwohnung-3\/"},"modified":"2020-06-03T13:41:42","modified_gmt":"2020-06-03T11:41:42","slug":"ferienwohnung-3","status":"publish","type":"page","link":"https:\/\/valis-lopar.com\/de\/ferienwohnung-3\/","title":{"rendered":"Ferienwohnung 3"},"content":{"rendered":"<p>[et_pb_section fb_built=&#8221;1&#8243; admin_label=&#8221;Header&#8221; _builder_version=&#8221;3.26.5&#8243; use_background_color_gradient=&#8221;on&#8221; background_color_gradient_start=&#8221;rgba(255,255,255,0.89)&#8221; background_color_gradient_end=&#8221;rgba(255,255,255,0)&#8221; background_color_gradient_type=&#8221;radial&#8221; background_color_gradient_direction_radial=&#8221;top left&#8221; background_color_gradient_start_position=&#8221;30%&#8221; background_color_gradient_end_position=&#8221;80%&#8221; background_color_gradient_overlays_image=&#8221;on&#8221; background_image=&#8221;https:\/\/valis-lopar.com\/wp-content\/uploads\/2019\/11\/3-1-1.jpg&#8221; custom_padding=&#8221;8vw|0px|0|0px|false|false&#8221;][et_pb_row _builder_version=&#8221;3.25&#8243;][et_pb_column type=&#8221;4_4&#8243; _builder_version=&#8221;3.25&#8243; custom_padding=&#8221;|||&#8221; custom_padding__hover=&#8221;|||&#8221;][et_pb_text _builder_version=&#8221;3.12.2&#8243; text_font=&#8221;||||||||&#8221; header_font=&#8221;Raleway|700|||||||&#8221; header_font_size=&#8221;80px&#8221; header_line_height=&#8221;1.2em&#8221; header_5_font=&#8221;Raleway|700||on|||||&#8221; header_5_text_color=&#8221;#000000&#8243; header_5_font_size=&#8221;20px&#8221; header_5_letter_spacing=&#8221;0.5em&#8221; header_5_line_height=&#8221;1.8em&#8221; animation_style=&#8221;zoom&#8221; animation_intensity_zoom=&#8221;5%&#8221; header_font_size_tablet=&#8221;48px&#8221; header_font_size_phone=&#8221;32px&#8221; header_font_size_last_edited=&#8221;on|phone&#8221; header_5_font_size_tablet=&#8221;14px&#8221; header_5_font_size_phone=&#8221;12px&#8221; header_5_font_size_last_edited=&#8221;on|desktop&#8221;]<\/p>\n<h1>Ferienwohnung 3<\/h1>\n<p>[\/et_pb_text][\/et_pb_column][\/et_pb_row][et_pb_row use_custom_gutter=&#8221;on&#8221; custom_padding=&#8221;0|0px|0px|15vw|false|false&#8221; custom_padding_tablet=&#8221;|||10vw&#8221; custom_margin=&#8221;8vw||||false&#8221; make_equal=&#8221;on&#8221; custom_padding_last_edited=&#8221;on|desktop&#8221; _builder_version=&#8221;3.26.5&#8243; background_color=&#8221;rgba(255,255,255,0)&#8221; width=&#8221;100%&#8221; max_width=&#8221;90%&#8221; module_alignment=&#8221;left&#8221; animation_style=&#8221;slide&#8221; animation_direction=&#8221;left&#8221; animation_intensity_slide=&#8221;5%&#8221; use_custom_width=&#8221;on&#8221; width_unit=&#8221;off&#8221; custom_width_percent=&#8221;90%&#8221; locked=&#8221;off&#8221;][et_pb_column type=&#8221;4_4&#8243; _builder_version=&#8221;3.25&#8243; custom_padding=&#8221;74px|||&#8221; custom_padding_tablet=&#8221;40px|||&#8221; custom_padding_phone=&#8221;20px|||&#8221; custom_padding_last_edited=&#8221;off|desktop&#8221; custom_padding__hover=&#8221;|||&#8221;][\/et_pb_column][\/et_pb_row][\/et_pb_section][et_pb_section fb_built=&#8221;1&#8243; admin_label=&#8221;Room Details&#8221; _builder_version=&#8221;3.22&#8243;][et_pb_row column_structure=&#8221;3_5,2_5&#8243; _builder_version=&#8221;3.25&#8243;][et_pb_column type=&#8221;3_5&#8243; _builder_version=&#8221;3.25&#8243; custom_padding=&#8221;|||&#8221; custom_padding__hover=&#8221;|||&#8221;][et_pb_text _builder_version=&#8221;3.26.5&#8243; header_font=&#8221;||||||||&#8221; header_2_font=&#8221;|700||on|||||&#8221; header_2_font_size=&#8221;19px&#8221; header_2_letter_spacing=&#8221;5px&#8221;]<\/p>\n<h2>Beschreibung der Wohnung<\/h2>\n<p>[\/et_pb_text][et_pb_text _builder_version=&#8221;3.26.5&#8243; text_font=&#8221;||||||||&#8221; text_font_size=&#8221;15px&#8221; text_line_height=&#8221;2em&#8221; header_font=&#8221;||||||||&#8221; header_2_font=&#8221;Raleway|700|||||||&#8221; header_2_font_size=&#8221;50px&#8221; header_2_line_height=&#8221;1.2em&#8221; header_6_font=&#8221;Raleway|700||on|||||&#8221; header_6_font_size=&#8221;16px&#8221; header_6_letter_spacing=&#8221;5px&#8221; header_6_line_height=&#8221;1.2em&#8221; max_width=&#8221;700px&#8221; max_width_last_edited=&#8221;off|desktop&#8221; custom_padding=&#8221;||11px|||&#8221; header_2_font_size_tablet=&#8221;35px&#8221; header_2_font_size_phone=&#8221;25px&#8221; header_2_font_size_last_edited=&#8221;on|phone&#8221;]<\/p>\n<p><span style=\"font-weight: 400\">Die Ferienwohnung 3 ist eine Unterkunft f\u00fcr 4 Personen. Die K\u00fcche ist mit einer Sp\u00fclmaschine, einem Herd und einer Mikrowelle ausgestattet \u2013 doch wer hat schon Lust, im Urlaub zu kochen? Stellen Sie einen guten Wein kalt und entspannen Sie auf dem Balkon mit Meeresblick. <\/span><\/p>\n<p>-k\u00fcche<br \/>-esszimmer<br \/>-wohnzimmer + schlafcouch<br \/>-balkon<br \/>-blick aufs meer<\/p>\n<p>[\/et_pb_text][\/et_pb_column][et_pb_column type=&#8221;2_5&#8243; _builder_version=&#8221;3.25&#8243; custom_padding=&#8221;|||&#8221; custom_padding__hover=&#8221;|||&#8221;][et_pb_text _builder_version=&#8221;3.26.5&#8243; header_4_font=&#8221;Raleway|700|||||||&#8221; header_4_font_size=&#8221;20px&#8221; header_4_line_height=&#8221;1.4em&#8221; custom_margin=&#8221;|||30px||&#8221;]<\/p>\n<h4>Merkmale<\/h4>\n<ul>\n<li>Herd.<\/li>\n<li>K\u00fchlschrank mit Tiefk\u00fchlfach.<\/li>\n<li>Kaffeemaschine.<\/li>\n<li>Mikrowelle.<\/li>\n<li>Sp\u00fclmaschine.<\/li>\n<li>Satellitenfernsehen.<\/li>\n<li>Klimaanlage.<\/li>\n<li>Toaster.<\/li>\n<\/ul>\n<p>[\/et_pb_text][\/et_pb_column][\/et_pb_row][et_pb_row column_structure=&#8221;1_6,1_6,1_6,1_2&#8243; custom_padding=&#8221;0|0px|27px|0px|false|false&#8221; _builder_version=&#8221;3.25&#8243;][et_pb_column type=&#8221;1_6&#8243; _builder_version=&#8221;3.25&#8243; custom_padding=&#8221;|||&#8221; custom_padding__hover=&#8221;|||&#8221;][et_pb_number_counter title=&#8221;Schlafzimmer&#8221; number=&#8221;2&#8243; percent_sign=&#8221;off&#8221; _builder_version=&#8221;3.26.5&#8243; title_font=&#8221;||||||||&#8221; title_text_color=&#8221;#666666&#8243; title_font_size=&#8221;14px&#8221; number_font=&#8221;Raleway|700|||||||&#8221; number_text_color=&#8221;#b2b9c4&#8243; number_font_size=&#8221;48px&#8221; number_line_height=&#8221;100px&#8221; locked=&#8221;off&#8221;][\/et_pb_number_counter][\/et_pb_column][et_pb_column type=&#8221;1_6&#8243; _builder_version=&#8221;3.25&#8243; custom_padding=&#8221;|||&#8221; custom_padding__hover=&#8221;|||&#8221;][et_pb_number_counter title=&#8221;B\u00e4der&#8221; number=&#8221;2&#8243; percent_sign=&#8221;off&#8221; _builder_version=&#8221;3.26.5&#8243; title_font=&#8221;||||||||&#8221; title_text_color=&#8221;#666666&#8243; title_font_size=&#8221;14px&#8221; number_font=&#8221;Raleway|700|||||||&#8221; number_text_color=&#8221;#b2b9c4&#8243; number_font_size=&#8221;48px&#8221; number_line_height=&#8221;100px&#8221; locked=&#8221;off&#8221;][\/et_pb_number_counter][\/et_pb_column][et_pb_column type=&#8221;1_6&#8243; _builder_version=&#8221;3.25&#8243; custom_padding=&#8221;|||&#8221; custom_padding__hover=&#8221;|||&#8221;][et_pb_number_counter title=&#8221;Personen&#8221; number=&#8221;4&#8243; percent_sign=&#8221;off&#8221; _builder_version=&#8221;3.26.5&#8243; title_font=&#8221;||||||||&#8221; title_text_color=&#8221;#666666&#8243; title_font_size=&#8221;14px&#8221; number_font=&#8221;Raleway|700|||||||&#8221; number_text_color=&#8221;#b2b9c4&#8243; number_font_size=&#8221;48px&#8221; number_line_height=&#8221;100px&#8221; locked=&#8221;off&#8221;][\/et_pb_number_counter][\/et_pb_column][et_pb_column type=&#8221;1_2&#8243; _builder_version=&#8221;3.25&#8243; custom_padding=&#8221;|||&#8221; custom_padding__hover=&#8221;|||&#8221;][et_pb_button button_url=&#8221;https:\/\/valis-lopar.com\/kontakt&#8221; button_text=&#8221;Buchen&#8221; button_alignment=&#8221;center&#8221; _builder_version=&#8221;3.26.5&#8243; custom_button=&#8221;on&#8221; button_text_color=&#8221;#ffffff&#8221; button_bg_color=&#8221;#b2b9c4&#8243; button_border_width=&#8221;10px&#8221; button_border_color=&#8221;rgba(0,0,0,0)&#8221; button_border_radius=&#8221;0px&#8221; button_font=&#8221;Raleway|700|||||||&#8221; custom_padding=&#8221;30px|50px|30px|50px|true|false&#8221; button_border_radius_hover=&#8221;0px&#8221; button_text_size__hover_enabled=&#8221;off&#8221; button_one_text_size__hover_enabled=&#8221;off&#8221; button_two_text_size__hover_enabled=&#8221;off&#8221; button_text_color__hover_enabled=&#8221;off&#8221; button_one_text_color__hover_enabled=&#8221;off&#8221; button_two_text_color__hover_enabled=&#8221;off&#8221; button_border_width__hover_enabled=&#8221;off&#8221; button_one_border_width__hover_enabled=&#8221;off&#8221; button_two_border_width__hover_enabled=&#8221;off&#8221; button_border_color__hover_enabled=&#8221;off&#8221; button_one_border_color__hover_enabled=&#8221;off&#8221; button_two_border_color__hover_enabled=&#8221;off&#8221; button_border_radius__hover_enabled=&#8221;on&#8221; button_border_radius__hover=&#8221;0px&#8221; button_one_border_radius__hover_enabled=&#8221;off&#8221; button_two_border_radius__hover_enabled=&#8221;off&#8221; button_letter_spacing__hover_enabled=&#8221;off&#8221; button_one_letter_spacing__hover_enabled=&#8221;off&#8221; button_two_letter_spacing__hover_enabled=&#8221;off&#8221; button_bg_color__hover_enabled=&#8221;off&#8221; button_one_bg_color__hover_enabled=&#8221;off&#8221; button_two_bg_color__hover_enabled=&#8221;off&#8221;][\/et_pb_button][\/et_pb_column][\/et_pb_row][et_pb_row _builder_version=&#8221;3.26.5&#8243;][et_pb_column type=&#8221;4_4&#8243; _builder_version=&#8221;3.26.5&#8243;][et_pb_text _builder_version=&#8221;3.26.5&#8243;]<!-- Final Tiles Grid Gallery for WordPress v3.4.22 free --><style>#ftg-77 .tile .icon { color:#ffffff; }#ftg-77 .ftg-items .loading-bar i { background:#666; }#ftg-77 .ftg-items .loading-bar { background:#fff; }#ftg-77 .tile .icon { font-size:12px; }#ftg-77 .tile .icon { margin: -6px 0 0 -6px; }#ftg-77 .tile .caption-block .text-wrapper span.text { font-size:12px; }#ftg-77 .tile .caption-block .text-wrapper span.title { font-size:14px; }#ftg-77 .tile { background-color: transparent; }#ftg-77 .tile .caption-block .text-wrapper span.text { color: #ffffff; }#ftg-77 .tile .caption-block .text-wrapper span.title { color: #ffffff; }#ftg-77 .tile .ftg-social a { color: #ffffff; }#ftg-77 .tile .caption-block { transition-duration:0.25s; }#ftg-77 .tile .tile-inner:before { background-color: #000000; }#ftg-77 .tile .tile-inner:before { background-color: rgba(0, 0, 0, 0.8); }#ftg-77 .tile:hover img {-moz-transform: ;-webkit-transform: ;-o-transform: ;-ms-transform: ;transform: ;}<\/style><a name='7'><\/a><div class='final-tiles-gallery  ftg-hover-enabled  caption-none caption-middle caption-center' id='ftg-77' style='width:100%'><div class='ftg-items'><div class='loading-bar'><i><\/i><\/div><div  class='tile ftg-preload  '><a title=\"\" data-lightbox='ftg-77' rel='ftg-77'  class=' tile-inner  ftg-lightbox' href='' ><img alt='' class='item skip-lazy' data-class='item' data-ftg-source='https:\/\/valis-lopar.com\/wp-content\/uploads\/2021\/01\/Villa-Valis-web_-67-1024x683.jpg' src='https:\/\/valis-lopar.com\/wp-content\/uploads\/2021\/01\/Villa-Valis-web_-67-1024x683.jpg' width='auto' height='auto' \/><\/a><div class='ftg-social'><\/div><\/div><div  class='tile ftg-preload  '><a title=\"\" data-lightbox='ftg-77' rel='ftg-77'  class=' tile-inner  ftg-lightbox' href='' ><img alt='' class='item skip-lazy' data-class='item' data-ftg-source='https:\/\/valis-lopar.com\/wp-content\/uploads\/2021\/01\/Villa-Valis-web_-69-1024x607.jpg' src='https:\/\/valis-lopar.com\/wp-content\/uploads\/2021\/01\/Villa-Valis-web_-69-1024x607.jpg' width='auto' height='auto' \/><\/a><div class='ftg-social'><\/div><\/div><div  class='tile ftg-preload  '><a title=\"\" data-lightbox='ftg-77' rel='ftg-77'  class=' tile-inner  ftg-lightbox' href='' ><img alt='' class='item skip-lazy' data-class='item' data-ftg-source='https:\/\/valis-lopar.com\/wp-content\/uploads\/2021\/01\/Villa-Valis-web_-77-1024x680.jpg' src='https:\/\/valis-lopar.com\/wp-content\/uploads\/2021\/01\/Villa-Valis-web_-77-1024x680.jpg' width='auto' height='auto' \/><\/a><div class='ftg-social'><\/div><\/div><div  class='tile ftg-preload  '><a title=\"\" data-lightbox='ftg-77' rel='ftg-77'  class=' tile-inner  ftg-lightbox' href='' ><img alt='' class='item skip-lazy' data-class='item' data-ftg-source='https:\/\/valis-lopar.com\/wp-content\/uploads\/2021\/01\/Villa-Valis-web_-81-1024x683.jpg' src='https:\/\/valis-lopar.com\/wp-content\/uploads\/2021\/01\/Villa-Valis-web_-81-1024x683.jpg' width='auto' height='auto' \/><\/a><div class='ftg-social'><\/div><\/div><div  class='tile ftg-preload  '><a title=\"\" data-lightbox='ftg-77' rel='ftg-77'  class=' tile-inner  ftg-lightbox' href='' ><img alt='' class='item skip-lazy' data-class='item' data-ftg-source='https:\/\/valis-lopar.com\/wp-content\/uploads\/2021\/01\/Villa-Valis-web_-93-1024x683.jpg' src='https:\/\/valis-lopar.com\/wp-content\/uploads\/2021\/01\/Villa-Valis-web_-93-1024x683.jpg' width='auto' height='auto' \/><\/a><div class='ftg-social'><\/div><\/div><div  class='tile ftg-preload  '><a title=\"\" data-lightbox='ftg-77' rel='ftg-77'  class=' tile-inner  ftg-lightbox' href='' ><img alt='' class='item skip-lazy' data-class='item' data-ftg-source='https:\/\/valis-lopar.com\/wp-content\/uploads\/2021\/01\/Villa-Valis-web_-100-1024x683.jpg' src='https:\/\/valis-lopar.com\/wp-content\/uploads\/2021\/01\/Villa-Valis-web_-100-1024x683.jpg' width='auto' height='auto' \/><\/a><div class='ftg-social'><\/div><\/div><div  class='tile ftg-preload  '><a title=\"\" data-lightbox='ftg-77' rel='ftg-77'  class=' tile-inner  ftg-lightbox' href='' ><img alt='' class='item skip-lazy' data-class='item' data-ftg-source='https:\/\/valis-lopar.com\/wp-content\/uploads\/2021\/01\/Villa-Valis-web_-104-683x1024.jpg' src='https:\/\/valis-lopar.com\/wp-content\/uploads\/2021\/01\/Villa-Valis-web_-104-683x1024.jpg' width='auto' height='auto' \/><\/a><div class='ftg-social'><\/div><\/div><div  class='tile ftg-preload  '><a title=\"\" data-lightbox='ftg-77' rel='ftg-77'  class=' tile-inner  ftg-lightbox' href='' ><img alt='' class='item skip-lazy' data-class='item' data-ftg-source='https:\/\/valis-lopar.com\/wp-content\/uploads\/2021\/01\/Villa-Valis-web_-109-1024x685.jpg' src='https:\/\/valis-lopar.com\/wp-content\/uploads\/2021\/01\/Villa-Valis-web_-109-1024x685.jpg' width='auto' height='auto' \/><\/a><div class='ftg-social'><\/div><\/div><div  class='tile ftg-preload  '><a title=\"\" data-lightbox='ftg-77' rel='ftg-77'  class=' tile-inner  ftg-lightbox' href='' ><img alt='' class='item skip-lazy' data-class='item' data-ftg-source='https:\/\/valis-lopar.com\/wp-content\/uploads\/2021\/01\/Villa-Valis-web_-253-1024x683.jpg' src='https:\/\/valis-lopar.com\/wp-content\/uploads\/2021\/01\/Villa-Valis-web_-253-1024x683.jpg' width='auto' height='auto' \/><\/a><div class='ftg-social'><\/div><\/div><div  class='tile ftg-preload  '><a title=\"\" data-lightbox='ftg-77' rel='ftg-77'  class=' tile-inner  ftg-lightbox' href='' ><img alt='' class='item skip-lazy' data-class='item' data-ftg-source='https:\/\/valis-lopar.com\/wp-content\/uploads\/2021\/01\/Villa-Valis-web_-256-1024x683.jpg' src='https:\/\/valis-lopar.com\/wp-content\/uploads\/2021\/01\/Villa-Valis-web_-256-1024x683.jpg' width='auto' height='auto' \/><\/a><div class='ftg-social'><\/div><\/div><div  class='tile ftg-preload  '><a title=\"\" data-lightbox='ftg-77' rel='ftg-77'  class=' tile-inner  ftg-lightbox' href='' ><img alt='' class='item skip-lazy' data-class='item' data-ftg-source='https:\/\/valis-lopar.com\/wp-content\/uploads\/2021\/01\/Villa-Valis-web_-257-1024x683.jpg' src='https:\/\/valis-lopar.com\/wp-content\/uploads\/2021\/01\/Villa-Valis-web_-257-1024x683.jpg' width='auto' height='auto' \/><\/a><div class='ftg-social'><\/div><\/div><div  class='tile ftg-preload  '><a title=\"\" data-lightbox='ftg-77' rel='ftg-77'  class=' tile-inner  ftg-lightbox' href='' ><img alt='' class='item skip-lazy' data-class='item' data-ftg-source='https:\/\/valis-lopar.com\/wp-content\/uploads\/2021\/01\/Villa-Valis-web_-258-1024x683.jpg' src='https:\/\/valis-lopar.com\/wp-content\/uploads\/2021\/01\/Villa-Valis-web_-258-1024x683.jpg' width='auto' height='auto' \/><\/a><div class='ftg-social'><\/div><\/div><\/div><\/div><script type='text\/javascript'>jQuery('#ftg-77 img.item').removeAttr('src');jQuery(document).ready(function () {setTimeout(function () {jQuery('#ftg-77').finalTilesGallery({minTileWidth: 250,margin: 10,loadMethod: 'sequential',nonce: '28ea99cc68',galleryId: '7',setupFilters: true,layout: 'columns',debug: false,gridSize: 25,disableGridSizeBelow:800,allowEnlargement: true,columns: [[4000, 4],[1024, 4],[800, 3],[480, 3],[320, 2]],selectedFilter: 'n-a'});jQuery(function () {(function () {var rel = '';jQuery('#ftg-77 .ftg-lightbox').click(function (e) {rel = jQuery(this).attr('rel');jQuery('#ftg-77 .ftg-current').removeClass('ftg-current');jQuery('#ftg-77 [rel=\"'+rel+'\"]').addClass('ftg-current');});})();});}, 0);});<\/script>[\/et_pb_text][\/et_pb_column][\/et_pb_row][\/et_pb_section][et_pb_section fb_built=&#8221;1&#8243; admin_label=&#8221;Reservations&#8221; _builder_version=&#8221;3.26.5&#8243; use_background_color_gradient=&#8221;on&#8221; background_color_gradient_start=&#8221;#2f3a44&#8243; background_color_gradient_end=&#8221;rgba(38,46,53,0)&#8221; background_color_gradient_direction=&#8221;150deg&#8221; background_color_gradient_start_position=&#8221;25%&#8221; background_color_gradient_overlays_image=&#8221;on&#8221; background_image=&#8221;https:\/\/valis-lopar.com\/wp-content\/uploads\/2019\/09\/lopar-05.jpg&#8221; custom_padding=&#8221;140px|0px|300px|0px|false|false&#8221;][et_pb_row column_structure=&#8221;1_2,1_2&#8243; use_custom_gutter=&#8221;on&#8221; make_equal=&#8221;on&#8221; _builder_version=&#8221;3.25&#8243;][et_pb_column type=&#8221;1_2&#8243; _builder_version=&#8221;3.25&#8243; custom_padding=&#8221;|||&#8221; custom_padding__hover=&#8221;|||&#8221;][et_pb_text _builder_version=&#8221;3.26.5&#8243; text_font=&#8221;||||||||&#8221; text_font_size=&#8221;16px&#8221; text_line_height=&#8221;2em&#8221; header_font=&#8221;||||||||&#8221; header_2_font=&#8221;Raleway|700|||||||&#8221; header_2_font_size=&#8221;50px&#8221; header_2_line_height=&#8221;1.2em&#8221; header_6_font=&#8221;Raleway|700||on|||||&#8221; header_6_font_size=&#8221;16px&#8221; header_6_letter_spacing=&#8221;5px&#8221; header_6_line_height=&#8221;1.8em&#8221; background_layout=&#8221;dark&#8221; max_width_last_edited=&#8221;on|desktop&#8221; header_2_font_size_tablet=&#8221;35px&#8221; header_2_font_size_phone=&#8221;25px&#8221; header_2_font_size_last_edited=&#8221;on|phone&#8221; locked=&#8221;off&#8221;]<\/p>\n<h6>Ein unvergessliches Erlebnis<\/h6>\n<h2>Lopar &#8211; sandparadies<\/h2>\n<p>Mit seiner \u00fcber hundertj\u00e4hrigen Tourismustradition ist Lopar der Gewinner des Preises Plavo jedro (Blaues Segel) f\u00fcr den besten kleinen Ferienort in der Region Kvarner.<\/p>\n<p>[\/et_pb_text][\/et_pb_column][et_pb_column type=&#8221;1_2&#8243; _builder_version=&#8221;3.25&#8243; custom_padding=&#8221;|||&#8221; custom_padding_tablet=&#8221;0px||0px||true&#8221; custom_padding__hover=&#8221;|||&#8221;][et_pb_button button_url=&#8221;https:\/\/valis-lopar.com\/lopar&#8221; button_text=&#8221;Erfahre mehr&#8221; button_alignment=&#8221;right&#8221; _builder_version=&#8221;3.26.5&#8243; custom_button=&#8221;on&#8221; button_text_color=&#8221;#000000&#8243; button_bg_color=&#8221;#ffffff&#8221; button_border_width=&#8221;10px&#8221; button_border_color=&#8221;rgba(0,0,0,0)&#8221; button_border_radius=&#8221;0px&#8221; button_font=&#8221;Raleway|700|||||||&#8221; button_border_radius_hover=&#8221;0px&#8221; locked=&#8221;off&#8221; button_text_size__hover_enabled=&#8221;off&#8221; button_one_text_size__hover_enabled=&#8221;off&#8221; button_two_text_size__hover_enabled=&#8221;off&#8221; button_text_color__hover_enabled=&#8221;off&#8221; button_one_text_color__hover_enabled=&#8221;off&#8221; button_two_text_color__hover_enabled=&#8221;off&#8221; button_border_width__hover_enabled=&#8221;off&#8221; button_one_border_width__hover_enabled=&#8221;off&#8221; button_two_border_width__hover_enabled=&#8221;off&#8221; button_border_color__hover_enabled=&#8221;off&#8221; button_one_border_color__hover_enabled=&#8221;off&#8221; button_two_border_color__hover_enabled=&#8221;off&#8221; button_border_radius__hover_enabled=&#8221;on&#8221; button_border_radius__hover=&#8221;0px&#8221; button_one_border_radius__hover_enabled=&#8221;off&#8221; button_two_border_radius__hover_enabled=&#8221;off&#8221; button_letter_spacing__hover_enabled=&#8221;off&#8221; button_one_letter_spacing__hover_enabled=&#8221;off&#8221; button_two_letter_spacing__hover_enabled=&#8221;off&#8221; button_bg_color__hover_enabled=&#8221;off&#8221; button_one_bg_color__hover_enabled=&#8221;off&#8221; button_two_bg_color__hover_enabled=&#8221;off&#8221;][\/et_pb_button][\/et_pb_column][\/et_pb_row][\/et_pb_section][et_pb_section fb_built=&#8221;1&#8243; admin_label=&#8221;Contact Info&#8221; _builder_version=&#8221;3.22&#8243; background_color=&#8221;#ffffff&#8221; border_color_all=&#8221;#ffffff&#8221; border_width_left=&#8221;10vw&#8221; max_width=&#8221;90%&#8221; max_width_phone=&#8221;100%&#8221; max_width_last_edited=&#8221;on|phone&#8221; custom_margin=&#8221;-160px|||&#8221; global_module=&#8221;155&#8243;][et_pb_row column_structure=&#8221;1_3,1_3,1_3&#8243; _builder_version=&#8221;3.25&#8243; custom_width_px=&#8221;800px&#8221; locked=&#8221;off&#8221;][et_pb_column type=&#8221;1_3&#8243; _builder_version=&#8221;3.25&#8243; custom_padding=&#8221;|||&#8221; custom_padding__hover=&#8221;|||&#8221;][et_pb_blurb title=&#8221;+51 775 122&#8243; use_icon=&#8221;on&#8221; font_icon=&#8221;%%264%%&#8221; icon_color=&#8221;#c3cfd6&#8243; icon_placement=&#8221;left&#8221; use_icon_font_size=&#8221;on&#8221; icon_font_size=&#8221;24px&#8221; _builder_version=&#8221;3.26.5&#8243; header_level=&#8221;h5&#8243; header_font=&#8221;Raleway|700|||||||&#8221; header_line_height=&#8221;1.4em&#8221; body_font=&#8221;Raleway|700|||||||&#8221; body_text_color=&#8221;#2d2d2d&#8221; body_font_size=&#8221;16px&#8221;]<\/p>\n<p><span>+385 98 713564<\/span><\/p>\n<p>[\/et_pb_blurb][\/et_pb_column][et_pb_column type=&#8221;1_3&#8243; _builder_version=&#8221;3.25&#8243; custom_padding=&#8221;|||&#8221; custom_padding__hover=&#8221;|||&#8221;][et_pb_blurb title=&#8221;Lopar 508 A, 51281 Rab&#8221; use_icon=&#8221;on&#8221; font_icon=&#8221;%%249%%&#8221; icon_color=&#8221;#c3cfd6&#8243; icon_placement=&#8221;left&#8221; use_icon_font_size=&#8221;on&#8221; icon_font_size=&#8221;24px&#8221; _builder_version=&#8221;3.26.5&#8243; header_level=&#8221;h5&#8243; header_font=&#8221;Raleway|700|||||||&#8221; header_line_height=&#8221;1.4em&#8221;][\/et_pb_blurb][\/et_pb_column][et_pb_column type=&#8221;1_3&#8243; _builder_version=&#8221;3.25&#8243; custom_padding=&#8221;|||&#8221; custom_padding__hover=&#8221;|||&#8221;][et_pb_blurb title=&#8221;info@creshendo-lopar.com&#8221; use_icon=&#8221;on&#8221; font_icon=&#8221;%%238%%&#8221; icon_color=&#8221;#c3cfd6&#8243; icon_placement=&#8221;left&#8221; use_icon_font_size=&#8221;on&#8221; icon_font_size=&#8221;24px&#8221; _builder_version=&#8221;3.26.5&#8243; header_level=&#8221;h5&#8243; header_font=&#8221;Raleway|700|||||||&#8221; header_line_height=&#8221;1.4em&#8221;][\/et_pb_blurb][\/et_pb_column][\/et_pb_row][et_pb_row _builder_version=&#8221;3.26.5&#8243;][et_pb_column type=&#8221;4_4&#8243; _builder_version=&#8221;3.26.5&#8243;][et_pb_image src=&#8221;https:\/\/valis-lopar.com\/wp-content\/uploads\/2020\/06\/banner_enter_1.png&#8221; url=&#8221;https:\/\/entercroatia.mup.hr\/&#8221; align=&#8221;center&#8221; _builder_version=&#8221;3.26.5&#8243; border_width_all=&#8221;1px&#8221; border_color_all=&#8221;#e0e0e0&#8243;][\/et_pb_image][\/et_pb_column][\/et_pb_row][\/et_pb_section]<\/p>\n","protected":false},"excerpt":{"rendered":"<p>[et_pb_section fb_built=&#8221;1&#8243; admin_label=&#8221;Header&#8221; _builder_version=&#8221;3.26.5&#8243; use_background_color_gradient=&#8221;on&#8221; background_color_gradient_start=&#8221;rgba(255,255,255,0.89)&#8221; background_color_gradient_end=&#8221;rgba(255,255,255,0)&#8221; background_color_gradient_type=&#8221;radial&#8221; background_color_gradient_direction_radial=&#8221;top left&#8221; background_color_gradient_start_position=&#8221;30%&#8221; background_color_gradient_end_position=&#8221;80%&#8221; background_color_gradient_overlays_image=&#8221;on&#8221; background_image=&#8221;https:\/\/valis-lopar.com\/wp-content\/uploads\/2019\/11\/3-1-1.jpg&#8221; custom_padding=&#8221;8vw|0px|0|0px|false|false&#8221;][et_pb_row _builder_version=&#8221;3.25&#8243;][et_pb_column type=&#8221;4_4&#8243; _builder_version=&#8221;3.25&#8243; custom_padding=&#8221;|||&#8221; custom_padding__hover=&#8221;|||&#8221;][et_pb_text _builder_version=&#8221;3.12.2&#8243; text_font=&#8221;||||||||&#8221; header_font=&#8221;Raleway|700|||||||&#8221; header_font_size=&#8221;80px&#8221; header_line_height=&#8221;1.2em&#8221; header_5_font=&#8221;Raleway|700||on|||||&#8221; header_5_text_color=&#8221;#000000&#8243; header_5_font_size=&#8221;20px&#8221; header_5_letter_spacing=&#8221;0.5em&#8221; header_5_line_height=&#8221;1.8em&#8221; animation_style=&#8221;zoom&#8221; animation_intensity_zoom=&#8221;5%&#8221; header_font_size_tablet=&#8221;48px&#8221; header_font_size_phone=&#8221;32px&#8221; header_font_size_last_edited=&#8221;on|phone&#8221; header_5_font_size_tablet=&#8221;14px&#8221; header_5_font_size_phone=&#8221;12px&#8221; header_5_font_size_last_edited=&#8221;on|desktop&#8221;] Ferienwohnung 3 [\/et_pb_text][\/et_pb_column][\/et_pb_row][et_pb_row use_custom_gutter=&#8221;on&#8221; custom_padding=&#8221;0|0px|0px|15vw|false|false&#8221; custom_padding_tablet=&#8221;|||10vw&#8221; custom_margin=&#8221;8vw||||false&#8221; make_equal=&#8221;on&#8221; custom_padding_last_edited=&#8221;on|desktop&#8221; _builder_version=&#8221;3.26.5&#8243; background_color=&#8221;rgba(255,255,255,0)&#8221; width=&#8221;100%&#8221; max_width=&#8221;90%&#8221; module_alignment=&#8221;left&#8221; animation_style=&#8221;slide&#8221; animation_direction=&#8221;left&#8221; animation_intensity_slide=&#8221;5%&#8221; [&hellip;]<\/p>\n","protected":false},"author":1,"featured_media":0,"parent":0,"menu_order":0,"comment_status":"closed","ping_status":"closed","template":"","meta":{"_et_pb_use_builder":"on","_et_pb_old_content":"","_et_gb_content_width":"","footnotes":""},"class_list":["post-925","page","type-page","status-publish","hentry"],"_links":{"self":[{"href":"https:\/\/valis-lopar.com\/de\/wp-json\/wp\/v2\/pages\/925"}],"collection":[{"href":"https:\/\/valis-lopar.com\/de\/wp-json\/wp\/v2\/pages"}],"about":[{"href":"https:\/\/valis-lopar.com\/de\/wp-json\/wp\/v2\/types\/page"}],"author":[{"embeddable":true,"href":"https:\/\/valis-lopar.com\/de\/wp-json\/wp\/v2\/users\/1"}],"replies":[{"embeddable":true,"href":"https:\/\/valis-lopar.com\/de\/wp-json\/wp\/v2\/comments?post=925"}],"version-history":[{"count":5,"href":"https:\/\/valis-lopar.com\/de\/wp-json\/wp\/v2\/pages\/925\/revisions"}],"predecessor-version":[{"id":1064,"href":"https:\/\/valis-lopar.com\/de\/wp-json\/wp\/v2\/pages\/925\/revisions\/1064"}],"wp:attachment":[{"href":"https:\/\/valis-lopar.com\/de\/wp-json\/wp\/v2\/media?parent=925"}],"curies":[{"name":"wp","href":"https:\/\/api.w.org\/{rel}","templated":true}]}}